{"id":174,"date":"2016-08-24T12:11:08","date_gmt":"2016-08-24T10:11:08","guid":{"rendered":"http:\/\/www.spring-reiter.de\/?page_id=174"},"modified":"2018-02-22T12:15:19","modified_gmt":"2018-02-22T11:15:19","slug":"erlaubte-ausruestung-reiter","status":"publish","type":"page","link":"https:\/\/www.spring-reiter.de\/en\/index.php\/erlaubte-ausruestung-reiter\/","title":{"rendered":"Erlaubte Ausr\u00fcstung Reiter"},"content":{"rendered":"<p>Egal ob schwarz, grau, hell- oder dunkelblau: Waren die Springreiter und Springreiterinnen fr\u00fcher fast ausschlie\u00dflich in schwarzen, eher einfach geschnittenen Jacketts im Parcours unterwegs, fliegen sie heute sehr modisch \u00fcber die Hindernisse. So sind z.B. die fr\u00fcher eher schmucklosen wei\u00dfen Reithosen der Amazonen heute oft mit etlichen Applikationen versehen. Eine bruchsichere Kappe ist allerdings nach wie vor Pflicht. Damit sie stilecht, aber nach Vorschrift durch den Parcours kommen und nicht durch zum Beispiel eine zu lange Gerte vom Richterteam disqualifiziert werden, gibt <strong>spring-reiter.de<\/strong> hier einen \u00dcberblick \u00fcber die erlaubte Ausr\u00fcstung im Spring-Sport laut der LPO.<\/p>\n<p><strong>Klasse E:<\/strong><br \/>\nBeliebiger, zweckm\u00e4\u00dfiger Reitanzug mit Reithose und Reitstiefeln oder Jodhpurhose und Stiefeletten<\/p>\n<p><strong>Klasse A bis S:<\/strong><br \/>\nHelle Reithose<br \/>\nReitstiefel, Stiefelletten und eng anliegende Glattleder-Chaps<br \/>\nJackett und passendes Hemd mit Krawatte bzw. Bluse mit Plastron<\/p>\n<p><strong>Klasse M** und h\u00f6her:<\/strong><br \/>\nRotes Jackett zugelassen<\/p>\n<p><strong>Stiefeletten:<\/strong> Stiefeletten sind in Verbindung mit gleichfarbigen und eng anliegenden Glattleder-Chaps nach der LPO als Stiefelersatz zugelassen, sofern sie optisch einteiligen Stiefeln entsprechen.<\/p>\n<p><strong>Schutzwesten:<\/strong> Zugelassen in allen Springpr\u00fcfungen.<\/p>\n<p><strong>Marscherleichterung:<\/strong> Bei sehr hohen sommerlichen Temperaturen k\u00f6nnen die Richter Marscherleichterung erteilen, das hei\u00dft, die Reiter d\u00fcrfen auch ohne Jackett in den Parcours einreiten.<\/p>\n<p><strong>Helm:<\/strong> Bruch- und splittersicherer Reit-Helm mit Drei- bzw. Vierpunktbefestigung.<\/p>\n<p><strong>Gerte:<\/strong> Eine Spring-Gerte von max. 75cm (inkl. Schlag)<\/p>\n<p><strong>Sporen:<\/strong> Die maximale Dornl\u00e4nge betr\u00e4gt 4,5cm (inkl. R\u00e4dchen) und der Dorn muss nach unten zeigen. Die Sporen d\u00fcrfen nicht dazu geeignet sein, Stich- oder Schnittverletzungen zu verursachen.<\/p>\n<p><strong>Besonderheiten:<\/strong> Polizei- oder Bundeswehrangeh\u00f6rige reiten in der jeweiligen Uniform.<\/p>\n","protected":false},"excerpt":{"rendered":"<p>Egal ob schwarz, grau, hell- oder dunkelblau: Waren die Springreiter und Springreiterinnen fr\u00fcher fast ausschlie\u00dflich in schwarzen, eher einfach geschnittenen Jacketts im Parcours unterwegs, fliegen sie heute sehr modisch \u00fcber die Hindernisse. So sind z.B. die fr\u00fcher eher schmucklosen wei\u00dfen Reithosen der Amazonen heute oft mit etlichen Applikationen versehen. Eine &hellip; <a class=\"kt-excerpt-readmore\" href=\"https:\/\/www.spring-reiter.de\/en\/index.php\/erlaubte-ausruestung-reiter\/\" aria-label=\"Erlaubte Ausr\u00fcstung Reiter\">Read More<\/a><\/p>\n","protected":false},"author":1,"featured_media":0,"parent":0,"menu_order":0,"comment_status":"closed","ping_status":"closed","template":"","meta":{"footnotes":""},"class_list":["post-174","page","type-page","status-publish","hentry"],"translation":{"provider":"WPGlobus","version":"3.0.2","language":"en","enabled_languages":["de","en"],"languages":{"de":{"title":true,"content":true,"excerpt":false},"en":{"title":false,"content":false,"excerpt":false}}},"_links":{"self":[{"href":"https:\/\/www.spring-reiter.de\/en\/index.php\/wp-json\/wp\/v2\/pages\/174","targetHints":{"allow":["GET"]}}],"collection":[{"href":"https:\/\/www.spring-reiter.de\/en\/index.php\/wp-json\/wp\/v2\/pages"}],"about":[{"href":"https:\/\/www.spring-reiter.de\/en\/index.php\/wp-json\/wp\/v2\/types\/page"}],"author":[{"embeddable":true,"href":"https:\/\/www.spring-reiter.de\/en\/index.php\/wp-json\/wp\/v2\/users\/1"}],"replies":[{"embeddable":true,"href":"https:\/\/www.spring-reiter.de\/en\/index.php\/wp-json\/wp\/v2\/comments?post=174"}],"version-history":[{"count":0,"href":"https:\/\/www.spring-reiter.de\/en\/index.php\/wp-json\/wp\/v2\/pages\/174\/revisions"}],"wp:attachment":[{"href":"https:\/\/www.spring-reiter.de\/en\/index.php\/wp-json\/wp\/v2\/media?parent=174"}],"curies":[{"name":"wp","href":"https:\/\/api.w.org\/{rel}","templated":true}]}}