{"id":177,"date":"2016-08-24T12:12:00","date_gmt":"2016-08-24T10:12:00","guid":{"rendered":"http:\/\/www.spring-reiter.de\/?page_id=177"},"modified":"2017-04-05T12:18:58","modified_gmt":"2017-04-05T10:18:58","slug":"hindernisse-im-parcours","status":"publish","type":"page","link":"https:\/\/www.spring-reiter.de\/en\/index.php\/hindernisse-im-parcours\/","title":{"rendered":"Hindernisse im Parcours"},"content":{"rendered":"<p><strong>Steilspr\u00fcnge<\/strong><\/p>\n<p>Ein Steilsprung ist ein Hochsprung und wird aus zwei St\u00e4ndern, Stangen, Planken und anderem beweglichen Material gebaut.<\/p>\n<p>Es gibt drei Varianten:<\/p>\n<ul>\n<li>Ein <strong>Rick<\/strong> besteht nur aus Stangen.<\/li>\n<li><strong>Planken<\/strong> sind breiter und auff\u00e4lliger als Stangen, k\u00f6nnen Pferde jedoch irritieren. Andererseits wirken Sie massiver als Stangen, sodass die Pferde mehr Vorsicht am Sprung zeigen.<\/li>\n<li>Eine <strong>Mauer<\/strong> besteht aus undurchsichtigen Mauerteilen, die je nach Aufbau in der H\u00f6he variiert werden k\u00f6nnen. Eine Mauer ist undurchsichtig, die Pferde k\u00f6nnen also nicht sehen was sich direkt hinter der Mauer befindet. Springt das Pferd die Mauer, wird nur sehr selten gerissen, da die massige Optik zu viel Vorsicht bei den Pferden f\u00fchrt.<\/li>\n<\/ul>\n<p><strong>Hier ein Steilsprung:<\/strong><\/p>\n<p><img decoding=\"async\" title=\"Steilsprung\" src=\"https:\/\/www.spring-reiter.de\/img\/steilsprung.jpg\" alt=\"Steilsprung\" \/><\/p>\n<p><strong>Hier eine Mauer:<\/strong><\/p>\n<p><img decoding=\"async\" title=\"Mauer\" src=\"https:\/\/www.spring-reiter.de\/img\/mauer.jpg\" alt=\"Mauer\" \/><\/p>\n<p><strong>Hochweitspr\u00fcnge<\/strong><\/p>\n<p>Ein Hochweitsprung wird meistens aus vier St\u00e4ndern, Stangen, Planken und Unterbau-Elementen gebaut.<\/p>\n<p>Drei Varianten:<\/p>\n<ul>\n<li>Ein <strong>Oxer<\/strong> setzt sich aus zwei senkrechten Elementen mit gleicher H\u00f6he zusammen. Dabei kann der Abstand zwischen der vorderen und der hinteren Stange bis zu zwei Meter betragen.<\/li>\n<li>Die <strong>Triplebarre<\/strong> besteht aus drei Ricks, die in der H\u00f6he nach hinten ansteigen. Die Flugkurve muss damit den h\u00f6chsten Punkt \u00fcber der letzten Stange haben und nicht mittig \u00fcber dem Sprung.<\/li>\n<li><strong>\u00fcberbauter Wassergraben<\/strong><\/li>\n<\/ul>\n<p><strong>Hier ein Oxer:<\/strong><\/p>\n<p><img decoding=\"async\" title=\"Oxer\" src=\"https:\/\/www.spring-reiter.de\/img\/oxer.jpg\" alt=\"Oxer\" \/><\/p>\n<p><strong>Weitspr\u00fcnge<\/strong><\/p>\n<ul>\n<li>Wassergraben (Weite von 2,50 Metern bei A** und h\u00f6chstens 4,50 Meter bei S***)<\/li>\n<\/ul>\n<p><strong>Kombination<\/strong><\/p>\n<p>Eine Kombination besteht aus mehreren Spr\u00fcngen, zwischen denen ein oder zwei Galoppspr\u00fcnge liegen. Eine Kombination aus zwei Spr\u00fcngen hei\u00dft zweifache Kombination, eine aus drei Spr\u00fcngen dreifache Kombination.<\/p>\n<p><strong>In-Out<\/strong><\/p>\n<p>Liegt kein Galoppsprung zwischen den Spr\u00fcngen und muss das Pferd nach der Landung sofort wieder abspringen, nennt man das Hindernis ein In-Out. In-Outs d\u00fcrfen nicht zu hoch sein. Sie sind insbesondere in Gymnastikreihen und beim Freispringen sehr beliebt, da sie das Rhythmusgef\u00fchl trainieren und \u00fcbereilige Pferde zur Konzentration erziehen.<\/p>\n","protected":false},"excerpt":{"rendered":"<p>Steilspr\u00fcnge Ein Steilsprung ist ein Hochsprung und wird aus zwei St\u00e4ndern, Stangen, Planken und anderem beweglichen Material gebaut. Es gibt drei Varianten: Ein Rick besteht nur aus Stangen. Planken sind breiter und auff\u00e4lliger als Stangen, k\u00f6nnen Pferde jedoch irritieren. Andererseits wirken Sie massiver als Stangen, sodass die Pferde mehr Vorsicht &hellip; <a class=\"kt-excerpt-readmore\" href=\"https:\/\/www.spring-reiter.de\/en\/index.php\/hindernisse-im-parcours\/\" aria-label=\"Hindernisse im Parcours\">Read More<\/a><\/p>\n","protected":false},"author":1,"featured_media":0,"parent":0,"menu_order":0,"comment_status":"closed","ping_status":"closed","template":"","meta":{"footnotes":""},"class_list":["post-177","page","type-page","status-publish","hentry"],"translation":{"provider":"WPGlobus","version":"3.0.2","language":"en","enabled_languages":["de","en"],"languages":{"de":{"title":true,"content":true,"excerpt":false},"en":{"title":false,"content":false,"excerpt":false}}},"_links":{"self":[{"href":"https:\/\/www.spring-reiter.de\/en\/index.php\/wp-json\/wp\/v2\/pages\/177","targetHints":{"allow":["GET"]}}],"collection":[{"href":"https:\/\/www.spring-reiter.de\/en\/index.php\/wp-json\/wp\/v2\/pages"}],"about":[{"href":"https:\/\/www.spring-reiter.de\/en\/index.php\/wp-json\/wp\/v2\/types\/page"}],"author":[{"embeddable":true,"href":"https:\/\/www.spring-reiter.de\/en\/index.php\/wp-json\/wp\/v2\/users\/1"}],"replies":[{"embeddable":true,"href":"https:\/\/www.spring-reiter.de\/en\/index.php\/wp-json\/wp\/v2\/comments?post=177"}],"version-history":[{"count":0,"href":"https:\/\/www.spring-reiter.de\/en\/index.php\/wp-json\/wp\/v2\/pages\/177\/revisions"}],"wp:attachment":[{"href":"https:\/\/www.spring-reiter.de\/en\/index.php\/wp-json\/wp\/v2\/media?parent=177"}],"curies":[{"name":"wp","href":"https:\/\/api.w.org\/{rel}","templated":true}]}}