{"id":180,"date":"2016-08-24T12:12:46","date_gmt":"2016-08-24T10:12:46","guid":{"rendered":"http:\/\/www.spring-reiter.de\/?page_id=180"},"modified":"2020-07-29T16:48:13","modified_gmt":"2020-07-29T14:48:13","slug":"leistungsklassen","status":"publish","type":"page","link":"https:\/\/www.spring-reiter.de\/en\/index.php\/leistungsklassen\/","title":{"rendered":"Leistungsklassen"},"content":{"rendered":"<p>Sie sorgt f\u00fcr Chancengleichheit, Sicherheit f\u00fcr Pferd und Reiter und Fairness im Springsport: Die Leistungsklasse (LKl.) auf der Jahresturnierlizenz bestimmt, in welchen Pr\u00fcfungen von E bis S der Reiter oder die Reiterin auf einem Turnier starten darf. Durch die Einteilung in unterschiedliche Leistungsklassen sollen ann\u00e4hernd gleichstarke Teilnehmer im Wettbewerb gegeneinander antreten und nicht Anf\u00e4nger gegen Profis.<\/p>\n<p>Wer zum ersten Mal eine FN-Jahresturnierlizenz beantragt erh\u00e4lt die Leistungsklasse 6. In den folgenden Jahren ergibt sich die jeweilige Leistungsklasse aus den Erfolgen in der laufenden und der vorangegangenen Saison. In den Ausschreibungen f\u00fcr ein Turnier ist genau angegeben, welche Leistungsklasse man haben muss, um in einer Pr\u00fcfung starten zu d\u00fcrfen.<\/p>\n<p>Aktive Turnier-Reiter k\u00f6nnen sich jedoch auch aufgrund bestimmter Abzeichen, einer Ausbildung zum Pferdewirt Schwerpunkt Reiten und zum Beispiel einem Abschluss als Amateurausbilder in die verschiedenen Leistungsklassen einstufen lassen. Genaue Angaben finden Sie in der Leistungspr\u00fcfungsordnung (LPO).<\/p>\n<h3>Startberechtigung und Einstufungskriterien<\/h3>\n<table class=\"lk\" summary=\"Leistungsklassen \">\n<tbody>\n<tr class=\"lk_head\">\n<td class=\"lk_start\">Startberechtigung in Pr\u00fcfungsklassen<\/td>\n<td class=\"lk_einstufung\">Automat. Einstufung durch Erfolge<\/td>\n<td class=\"lk_antrag\">Auf Antrag bei folg. Voraussetzungen m\u00f6glich<\/td>\n<\/tr>\n<tr class=\"border\">\n<td colspan=\"4\"><\/td>\n<\/tr>\n<tr class=\"lk_head\">\n<td class=\"lk_start\">S7 E, WB gem. WBO<\/td>\n<td class=\"lk_einstufung\">Besitz einer FN-Schnupperlizenz<\/td>\n<td class=\"lk_antrag\"><\/td>\n<\/tr>\n<tr class=\"border\">\n<td colspan=\"4\"><\/td>\n<\/tr>\n<tr class=\"lk_head\">\n<td class=\"lk_start\">S6 E, A<\/td>\n<td class=\"lk_einstufung\">Besitz FN- Jahresturnierlizenz LKl 6<\/td>\n<td class=\"lk_antrag\">DRA IV bzw RA5<\/td>\n<\/tr>\n<tr class=\"border\">\n<td colspan=\"4\"><\/td>\n<\/tr>\n<tr class=\"lk_head\">\n<td class=\"lk_start\">S5 A, L<\/td>\n<td class=\"lk_einstufung\">Besitz FN- Jahresturnierlizenz LKl 5<\/td>\n<td class=\"lk_antrag\">DRAIII bzw RA4 o. RA3<\/td>\n<\/tr>\n<tr class=\"border\">\n<td colspan=\"4\"><\/td>\n<\/tr>\n<tr class=\"lk_head\">\n<td class=\"lk_start\">S4 A, L, M<\/td>\n<td class=\"lk_einstufung\">1 x Kl. M oder 3 x Kl L<\/td>\n<td class=\"lk_antrag\">Pferdewirt-Reiten, Bereiter, Trainer A o. DRA II bzw RA2 (Springen)<\/td>\n<\/tr>\n<tr class=\"border\">\n<td colspan=\"4\"><\/td>\n<\/tr>\n<tr class=\"lk_head\">\n<td class=\"lk_start\">S3 A bis S<\/td>\n<td class=\"lk_einstufung\">1 x Kl S oder 3 x Kl M<\/td>\n<td class=\"lk_antrag\">Pferdewirtschaftsmeister o. DRAI bzw RA1<\/td>\n<\/tr>\n<tr class=\"border\">\n<td colspan=\"4\"><\/td>\n<\/tr>\n<tr class=\"lk_head\">\n<td class=\"lk_start\">S2 A bis S<\/td>\n<td class=\"lk_einstufung\">8 x Kl S oder 17 x Kl M** plus 3 x Kl S<\/td>\n<td class=\"lk_antrag\">DRA in Gold bzw RA in Gold<\/td>\n<\/tr>\n<tr class=\"border\">\n<td colspan=\"4\"><\/td>\n<\/tr>\n<tr class=\"lk_head\">\n<td class=\"lk_start\">S1 A (nur Aufbaupr\u00fcfungen) \u00a0 bis S<\/td>\n<td class=\"lk_einstufung\">25 x Kl S**, Kl. S***, Kl. S**** oder 3 x in einem Gro\u00dfen Preis bei CSI3*, CSI4*, CSI5*<\/td>\n<td class=\"lk_antrag\"><\/td>\n<\/tr>\n<tr class=\"border\">\n<td colspan=\"4\"><\/td>\n<\/tr>\n<\/tbody>\n<\/table>\n","protected":false},"excerpt":{"rendered":"<p>Sie sorgt f\u00fcr Chancengleichheit, Sicherheit f\u00fcr Pferd und Reiter und Fairness im Springsport: Die Leistungsklasse (LKl.) auf der Jahresturnierlizenz bestimmt, in welchen Pr\u00fcfungen von E bis S der Reiter oder die Reiterin auf einem Turnier starten darf. Durch die Einteilung in unterschiedliche Leistungsklassen sollen ann\u00e4hernd gleichstarke Teilnehmer im Wettbewerb gegeneinander &hellip; <a class=\"kt-excerpt-readmore\" href=\"https:\/\/www.spring-reiter.de\/en\/index.php\/leistungsklassen\/\" aria-label=\"Leistungsklassen\">Read More<\/a><\/p>\n","protected":false},"author":1,"featured_media":0,"parent":0,"menu_order":0,"comment_status":"closed","ping_status":"closed","template":"","meta":{"footnotes":""},"class_list":["post-180","page","type-page","status-publish","hentry"],"translation":{"provider":"WPGlobus","version":"3.0.2","language":"en","enabled_languages":["de","en"],"languages":{"de":{"title":true,"content":true,"excerpt":false},"en":{"title":false,"content":false,"excerpt":false}}},"_links":{"self":[{"href":"https:\/\/www.spring-reiter.de\/en\/index.php\/wp-json\/wp\/v2\/pages\/180","targetHints":{"allow":["GET"]}}],"collection":[{"href":"https:\/\/www.spring-reiter.de\/en\/index.php\/wp-json\/wp\/v2\/pages"}],"about":[{"href":"https:\/\/www.spring-reiter.de\/en\/index.php\/wp-json\/wp\/v2\/types\/page"}],"author":[{"embeddable":true,"href":"https:\/\/www.spring-reiter.de\/en\/index.php\/wp-json\/wp\/v2\/users\/1"}],"replies":[{"embeddable":true,"href":"https:\/\/www.spring-reiter.de\/en\/index.php\/wp-json\/wp\/v2\/comments?post=180"}],"version-history":[{"count":0,"href":"https:\/\/www.spring-reiter.de\/en\/index.php\/wp-json\/wp\/v2\/pages\/180\/revisions"}],"wp:attachment":[{"href":"https:\/\/www.spring-reiter.de\/en\/index.php\/wp-json\/wp\/v2\/media?parent=180"}],"curies":[{"name":"wp","href":"https:\/\/api.w.org\/{rel}","templated":true}]}}