{"id":190,"date":"2016-08-24T12:15:57","date_gmt":"2016-08-24T10:15:57","guid":{"rendered":"http:\/\/www.spring-reiter.de\/?page_id=190"},"modified":"2017-04-05T13:01:14","modified_gmt":"2017-04-05T11:01:14","slug":"spring-latein","status":"publish","type":"page","link":"https:\/\/www.spring-reiter.de\/en\/index.php\/spring-latein\/","title":{"rendered":"Spring-Latein"},"content":{"rendered":"<h3>Von der Ausschreibung bis zur Marscherleichterung<\/h3>\n<p><strong>Ausschreibung: <\/strong>Ausschreibungen m\u00fcssen Angaben enthalten \u00fcber den Veranstaltungsort des Turniers, das Datum, Nennung-Online-Details, die Anschrift des Veranstalters, die Turnierleitung, den Termin des Nennungsschlusses, die Art der LP, die Anforderungen, die Bewertungen, das Richtverfahren, die Teilnahmeberechtigung von Reitern und Pferden, die Leistungsklassen, die Ehren- und Geldpreise und Dotierung, die H\u00f6he des Nenn- und Startgeldes, ggf. Quartiere, und Stallungen, die Preise, die Beschaffenheit der Vorbereitungspl\u00e4tze (Rasen, Sand) und den vorl\u00e4ufigen Zeitplan.<\/p>\n<p>BuCh: Bundeschampionat<\/p>\n<p>BW: Breitensportliche Wettbewerbe<\/p>\n<p>BZ: Bestzeit<\/p>\n<p>CDS: Club deutscher Springreiter<\/p>\n<p>CH\/Ch: Children Turnier (junge Springreiter\u00a0zwischen zw\u00f6lf und 14 Jahren, die bereits auf Gro\u00dfpferden im Parcours starten)<\/p>\n<p><b>CHIO: C<\/b>oncours <b>H<\/b>ippique <b>I<\/b>nternational <b>O<\/b>fficiel &#8211;\u00a0ein internationales von der FEI (International Federation of Equestrian Sports) veranstaltetes Pferdesportturnier. Jedes FEI-Mitgliedsland darf pro Jahr ein CHIO durchf\u00fchren. In Deutschland ist es das CHIO in Aachen.<\/p>\n<p>CIO: offizielles internationales Turnier.<br \/>\nCI-W: internationales Turnier mit Weltcup-Qualifikation<br \/>\nCSI: internationales Springturnier<br \/>\nDJM: Deutsche Jugendmeisterschaften<br \/>\nDM: Deutsche Meisterschaften<br \/>\nDOKR: Deutsches Olympiade-Komitee f\u00fcr Reiterei e.V.<br \/>\nEY-Cup: European Youngster Cup U25<\/p>\n<p>FEI: Der Weltreiterverband (F\u00e9d\u00e9ration \u00c9questre International) ist die internationale Dachorganisation f\u00fcr Pferdesport mit Sitz in Lausanne (Schweiz).<\/p>\n<p><strong>Flaggen: <\/strong>Die Flaggen sind so angebracht, dass der Reiter die rote Flagge zur Rechten und die wei\u00dfe Flagge zur Linken hat. Hindernisse, die nicht zur laufenden Pr\u00fcfung geh\u00f6ren, sind mit gekreuzten roten und wei\u00dfen Flaggen gesperrt.<\/p>\n<p>FN: Die &#8220;Deutsche Reiterliche Vereinigung&#8221; (F\u00e9d\u00e9ration \u00c9questre Nationale) mit Sitz in Warendorf ist der Dachverband aller Reiter, Fahrer, Voltigierer und Z\u00fcchter in Deutschland.<\/p>\n<p>GCT: Global Champions Tour<br \/>\nGP: Gro\u00dfer Preis im Springen<\/p>\n<p><strong>Glockenzeichen: <\/strong>Das Glocken- oder ein anderes akustisches Zeichen ert\u00f6nt jeweils ein Mal zur Freigabe des Starts, zur Fortsetzung der Pr\u00fcfung nach einer Unterbrechung, wenn ein nicht korrekt gesprungenes Hindernis erneut zu springen ist, und zwei Mal beim Ausschluss aus der Pr\u00fcfung (z.B. nach Verreiten, mehrmaligem Verweigern oder nach einem Sturz).<\/p>\n<p>IJRC: International Jumping Riders Club (Club internationaler Springreiter)<\/p>\n<p>JUN: Junioren, Altersklasse bis 18 Jahre.<\/p>\n<p>JR: Junge Reiter, Altersklasse bis 21 Jahre.<\/p>\n<p>Jump and Drive: Show-Springen, die Teilnehmer m\u00fcssen zuerst einen Parcours zu Pferd \u00fcberwinden. Im Anschluss muss mit dem Auto, dem Rad oder einem Quad ein Parcours mit Pylonen, auf denen leicht abwerfbare Tennisb\u00e4lle liegen, durchfahren werden. Fallende Stangen beim Reiten sowie fallende B\u00e4lle beim Fahren werden als Strafsekunden zu gebrauchten Zeit addiert. Gewinner ist der schnellste im Parcours.<\/p>\n<p>KL: Klasse<\/p>\n<p>KM: Kreismeisterschaft<\/p>\n<p>Late Entry Turniere: Sie d\u00fcrfen nur an einem Tag statt finden und maximal 8 Pr\u00fcfungen umfassen.<\/p>\n<p><strong>LK: Leistungsklasse<\/strong><\/p>\n<p><strong>LPO: <\/strong>Die Leistungspr\u00fcfungsordnung ist sozusagen das Grundgesetz, n\u00e4mlich das umfassende Regelwerk, das durch die Deutsche Reiterliche Vereinigung e.V. Bundesverband f\u00fcr Pferdesport und Pferdezucht erlassen wurde.<\/p>\n<p>LV: Landesverband<\/p>\n<p><strong>Marscherleichterung: <\/strong>Bei sehr hohen Temperaturen k\u00f6nnen die Richter Marscherleichterung erteilen und die Reiter d\u00fcrfen ohne Jackett in den Parcours einreiten.<\/p>\n<p><strong>Meldeschluss: <\/strong>F\u00fcr jede Pr\u00fcfung ist ein Meldeschluss festzulegen. Sofern nicht anders geregelt, ist der Meldeschluss jeweils eine Stunde vor Beginn der Pr\u00fcfung. Nicht startende Reiter sind sofort an der Meldestelle abzumelden.<\/p>\n<p><strong>Meldestelle: <\/strong>In der Meldestelle werden die Startmeldungen entgegen genommen, die Kopfnummern ausgegeben und viele organisatorische Fragen beantwortet. Hier werden die Startlisten erstellt, die Ergebnisse ver\u00f6ffentlicht und die Geldpreise ausgezahlt.<\/p>\n<p><strong>NADA: <\/strong>Nationale Anti-Doping-Agentur<\/p>\n<p>NC: Nationen Preis (Nations Cup)<\/p>\n<p><strong>Parcourschef: <\/strong>Parcourschefs gestalten nach freiem Ermessen unter Ber\u00fccksichtigung der LPO perdesportgerechte Spring-Parcours. Sie sind qualifizierte Sachverst\u00e4ndige und u.a. auch f\u00fcr den Zustand der Hindernisse verantwortlich.<\/p>\n<p><strong>Parcoursskizze: <\/strong>Zur Orientierung des Reiters h\u00e4ngt rund eine Stunde vor Pr\u00fcfungsbeginn eine Parcoursskizze am schwarzen Brett der Meldestelle.<\/p>\n<p>REI: Reiter, die im laufenden Kalender mindestens 22 Jahre alt werden.<\/p>\n<p>Six bar: englisch f\u00fcr Barrierenspringen<\/p>\n<p><strong>Stollen: <\/strong>Auf festem und hartem Untergrund werden meist sehr spitze und scharfe Stollen in die Stollenl\u00f6cher der Hufeisen eingedreht. In weichem und matschigem Gel\u00e4nde werden dagegen h\u00e4ufig breite und kantige Stollen verwendet, die mit ihrer Form die Rutschgefahr vermindern. <strong>Nicht vergessen: <\/strong>Die Stollen vor dem R\u00fccktransport unbedingt wieder herausdrehen.<\/p>\n<p><strong>Schleifensammler:<\/strong><\/p>\n<p>1. Platz = Gold<br \/>\n2. Platz = Silber<br \/>\n3. Platz = Wei\u00df<br \/>\n4. Platz = Blau<br \/>\n5. Platz = Rot<br \/>\nWeitere = Gr\u00fcn<\/p>\n<p><strong>Siegerrunde\/Stechen: <\/strong>Bei einem Springen mit Stechen kommen nur Reiter und Pferde mit Null-Runden ins anschlie\u00dfende Stechen, bei einer Siegerrunde reitet eine vorher festgelegte Quote an Reitern um den Sieg. So ist es auch m\u00f6glich, dass Reiter mit z.B. einem Abwurf in die Siegerrunde einreiten. Der Strafpunkt bleibt allerdings auf dem Konto des Reiters bestehen und geht ins Endergebnis ein.<\/p>\n<p><strong>Stamm-Mitgliedschaft: <\/strong>F\u00fcr die Teilnahme an nationalen und internationalen Leistungspr\u00fcfungen im In- und Ausland ist die Stamm-Mitgliedschaft in einem Verein erforderlich. Der Verein muss Mitglied in einem der FN angeschlossenen Landesverb\u00e4nde sein.<\/p>\n<p><strong>Startfolge: <\/strong>F\u00fcr die Reihenfolge, in der eine Springpr\u00fcfung startet, wird nach Meldeschluss der Buchstabe f\u00fcr den ersten Starter festgelegt. Der Rest folgt dann alphabetisch. Ma\u00dfgeblich sind die Namen der Pferde. Reiter mit mehreren Starts in einer LP sind so einzuordnen, dass zwischen zwei Starts wenigstens acht andere Teilnehmer starten &#8211; wenn m\u00f6glich.<\/p>\n<p><strong>Teilnahmeberechtigung Pferde:<\/strong><\/p>\n<p>Auf einemTurnier sind Pferde in einer Disziplin nur teilnahmeberechtigt in:<\/p>\n<p>KL A und L oder<\/p>\n<p>KL L und M oder<\/p>\n<p>KL M und S<\/p>\n<p><strong>Zeiteinteilung: <\/strong>Rund eine Woche vor dem Turnier stellt die Meldestelle online eine Zeiteinteilung mit Startfolge, Teilnehmerzahl und den zust\u00e4ndigen Richtern ins Netz.<\/p>\n<p><strong>WBO: <\/strong>Wettbewerbsordnung<\/p>\n<p><strong>WN: <\/strong>Wertnote<\/p>\n","protected":false},"excerpt":{"rendered":"<p>Von der Ausschreibung bis zur Marscherleichterung Ausschreibung: Ausschreibungen m\u00fcssen Angaben enthalten \u00fcber den Veranstaltungsort des Turniers, das Datum, Nennung-Online-Details, die Anschrift des Veranstalters, die Turnierleitung, den Termin des Nennungsschlusses, die Art der LP, die Anforderungen, die Bewertungen, das Richtverfahren, die Teilnahmeberechtigung von Reitern und Pferden, die Leistungsklassen, die Ehren- und &hellip; <a class=\"kt-excerpt-readmore\" href=\"https:\/\/www.spring-reiter.de\/en\/index.php\/spring-latein\/\" aria-label=\"Spring-Latein\">Read More<\/a><\/p>\n","protected":false},"author":1,"featured_media":0,"parent":0,"menu_order":0,"comment_status":"closed","ping_status":"closed","template":"","meta":{"footnotes":""},"class_list":["post-190","page","type-page","status-publish","hentry"],"translation":{"provider":"WPGlobus","version":"3.0.2","language":"en","enabled_languages":["de","en"],"languages":{"de":{"title":true,"content":true,"excerpt":false},"en":{"title":false,"content":false,"excerpt":false}}},"_links":{"self":[{"href":"https:\/\/www.spring-reiter.de\/en\/index.php\/wp-json\/wp\/v2\/pages\/190","targetHints":{"allow":["GET"]}}],"collection":[{"href":"https:\/\/www.spring-reiter.de\/en\/index.php\/wp-json\/wp\/v2\/pages"}],"about":[{"href":"https:\/\/www.spring-reiter.de\/en\/index.php\/wp-json\/wp\/v2\/types\/page"}],"author":[{"embeddable":true,"href":"https:\/\/www.spring-reiter.de\/en\/index.php\/wp-json\/wp\/v2\/users\/1"}],"replies":[{"embeddable":true,"href":"https:\/\/www.spring-reiter.de\/en\/index.php\/wp-json\/wp\/v2\/comments?post=190"}],"version-history":[{"count":0,"href":"https:\/\/www.spring-reiter.de\/en\/index.php\/wp-json\/wp\/v2\/pages\/190\/revisions"}],"wp:attachment":[{"href":"https:\/\/www.spring-reiter.de\/en\/index.php\/wp-json\/wp\/v2\/media?parent=190"}],"curies":[{"name":"wp","href":"https:\/\/api.w.org\/{rel}","templated":true}]}}