{"id":244,"date":"2016-08-24T14:06:28","date_gmt":"2016-08-24T12:06:28","guid":{"rendered":"http:\/\/www.spring-reiter.de\/?page_id=244"},"modified":"2017-04-05T13:00:01","modified_gmt":"2017-04-05T11:00:01","slug":"rekorde","status":"publish","type":"page","link":"https:\/\/www.spring-reiter.de\/en\/index.php\/rekorde\/","title":{"rendered":"Rekorde"},"content":{"rendered":"<p>Einst wie heute besch\u00e4ftigt viele Reiter die Frage: Wie hoch kann ein Pferd \u00fcberhaupt springen?<\/p>\n<ul>\n<li>1906 \u00fcberwand der Franzose Capitaine Crousse mit dem Pferd &#8220;Conspirateur&#8221; eine bis dahin unerreichte H\u00f6he von 2,35 Metern.<\/li>\n<li>1938 gelang dem italienischen Rittmeister Antonio Gutierrez auf &#8220;Osoppo&#8221; in Rom die \u00dcberwindung von 2,44 Metern.<\/li>\n<li>1949 legte der aus Chile stammende Capitano Alberto Larraguibel Morales auf seinem 15-j\u00e4hrigen Vollblut &#8220;Huaso&#8221; in Vina del Mar die Messlatte noch einmal deutlich h\u00f6her, in dem er sagenhafte 2,47 Meter \u00fcbersprang. Dieser Rekord hat bis heute Bestand.<\/li>\n<li><a href=\"http:\/\/www.youtube.com\/watch?v=XyBmEF-dwbU\" target=\"_blank\">Der Ritt von Capitano Alberto Larraguibel Morales auf youtube<\/a><\/li>\n<\/ul>\n<p><strong>Zum Vergleich:<\/strong><\/p>\n<ul>\n<li>Der derzeitige menschliche Weltrekord im Hochsprung wird gehalten von Javier Sotomayor aus Kuba mit 2,45 Metern und stammt aus dem Jahr 1993.<\/li>\n<li>Den deutschen Rekord im Hochsprung h\u00e4lt seit 1984 Carlo Thr\u00e4nhardt mit 2,37 Metern.<\/li>\n<li>Eine untrainierte Kuh springt bis zu 1,20 Meter hoch.<\/li>\n<\/ul>\n","protected":false},"excerpt":{"rendered":"<p>Einst wie heute besch\u00e4ftigt viele Reiter die Frage: Wie hoch kann ein Pferd \u00fcberhaupt springen? 1906 \u00fcberwand der Franzose Capitaine Crousse mit dem Pferd &#8220;Conspirateur&#8221; eine bis dahin unerreichte H\u00f6he von 2,35 Metern. 1938 gelang dem italienischen Rittmeister Antonio Gutierrez auf &#8220;Osoppo&#8221; in Rom die \u00dcberwindung von 2,44 Metern. 1949 &hellip; <a class=\"kt-excerpt-readmore\" href=\"https:\/\/www.spring-reiter.de\/en\/index.php\/rekorde\/\" aria-label=\"Rekorde\">Read More<\/a><\/p>\n","protected":false},"author":1,"featured_media":0,"parent":0,"menu_order":0,"comment_status":"closed","ping_status":"closed","template":"","meta":{"footnotes":""},"class_list":["post-244","page","type-page","status-publish","hentry"],"translation":{"provider":"WPGlobus","version":"3.0.2","language":"en","enabled_languages":["de","en"],"languages":{"de":{"title":true,"content":true,"excerpt":false},"en":{"title":false,"content":false,"excerpt":false}}},"_links":{"self":[{"href":"https:\/\/www.spring-reiter.de\/en\/index.php\/wp-json\/wp\/v2\/pages\/244","targetHints":{"allow":["GET"]}}],"collection":[{"href":"https:\/\/www.spring-reiter.de\/en\/index.php\/wp-json\/wp\/v2\/pages"}],"about":[{"href":"https:\/\/www.spring-reiter.de\/en\/index.php\/wp-json\/wp\/v2\/types\/page"}],"author":[{"embeddable":true,"href":"https:\/\/www.spring-reiter.de\/en\/index.php\/wp-json\/wp\/v2\/users\/1"}],"replies":[{"embeddable":true,"href":"https:\/\/www.spring-reiter.de\/en\/index.php\/wp-json\/wp\/v2\/comments?post=244"}],"version-history":[{"count":0,"href":"https:\/\/www.spring-reiter.de\/en\/index.php\/wp-json\/wp\/v2\/pages\/244\/revisions"}],"wp:attachment":[{"href":"https:\/\/www.spring-reiter.de\/en\/index.php\/wp-json\/wp\/v2\/media?parent=244"}],"curies":[{"name":"wp","href":"https:\/\/api.w.org\/{rel}","templated":true}]}}