{"id":250,"date":"2016-08-24T14:07:45","date_gmt":"2016-08-24T12:07:45","guid":{"rendered":"http:\/\/www.spring-reiter.de\/?page_id=250"},"modified":"2017-04-05T13:05:11","modified_gmt":"2017-04-05T11:05:11","slug":"springausbildung-pferd","status":"publish","type":"page","link":"https:\/\/www.spring-reiter.de\/en\/index.php\/springausbildung-pferd\/","title":{"rendered":"Springausbildung Pferd"},"content":{"rendered":"<p>Die meisten Pferde springen sehr gerne. Damit diese nat\u00fcrliche Spring-Freude noch gef\u00f6rdert wird und nicht durch schlechte Erfahrungen verloren geht, muss nicht nur der Reiter, sondern auch das Pferd einige Voraussetzungen erf\u00fcllen: Auf jeden Fall sollte das junge Pferd bereits mit den Hilfen des Reiters vertraut sein, Paraden und \u00dcberg\u00e4nge mehr oder weniger durchl\u00e4ssig annehmen und sich taktm\u00e4\u00dfig und losgelassen unter dem Reiter bewegen. Eine gute Vorbereitung auf die ersten Spr\u00fcnge unter dem Reiter kann Freispringen, Traben \u00fcber Stangen und Cavaletti-Arbeit sein. Damit wird die Gewandtheit, Koordinations- und Reaktionsf\u00e4higkeit des Pferdes trainiert und gef\u00f6rdert. \u00dcber dem Sprung soll das Pferd den R\u00fccken aufw\u00f6lben. Das Aufw\u00f6lben des R\u00fcckens nennt man Bascule.<\/p>\n<p>Das unerfahrene Pferd sollte fr\u00fch lernen, dass es \u00fcber jedes Hindernis springen muss und es keinen anderen Weg gibt und es keine Chance hat, zu verweigern oder vorbeizulaufen. Der Reiter muss sein Pferd geduldig, aber konsequent \u00fcber das Hindernis reiten, notfalls auch aus dem Schritt oder Trab. Bei einem z\u00f6gerlichen und \u00e4ngstlichen Pferd kann ein vorangehendes, erfahrenes F\u00fchrpferd wahre Wunder bewirken.<\/p>\n<p>Springt das junge Pferd vertrauensvoll und gerne \u00fcber einzelne Hindernisse, kann mit mehreren Spr\u00fcngen hintereinander begonnen werden. Dabei hat es sich bew\u00e4hrt, die Hindernisse zuerst an die Bande zu bauen, damit das Pferd eine nat\u00fcrliche Anlehnung hat. Auf bunte und guckige Unterbauten sollte man anfangs verzichten. Eine tolle Abwechslung zum Springtraining auf dem Platz bieten ausgedehnte Ausritte oder Gel\u00e4nderitte, wo nat\u00fcrliche Hindernisse wie B\u00e4che, Gr\u00e4ben oder entwurzelte B\u00e4ume \u00fcbersprungen werden.<\/p>\n<p>Wenn das Pferd in der Lage ist, einen kleinen Parcours mit Hindernissen zu \u00fcberwinden, kann es an kleineren Springpferdepr\u00fcfungen teil nehmen. Dabei geht es weniger um den Erfolg f\u00fcr den Reiter im Wettkampf, sondern vielmehr um die Gew\u00f6hnung des Pferdes an die Atmosph\u00e4re und Aufgaben bei einem Springturnier.<\/p>\n<p><strong>Freiherr v. Langen, aus seinem Buch &#8220;Reiten \u00fcber Hindernisse&#8221; aus dem Jahre 1931:<\/strong><\/p>\n<p>&nbsp;<\/p>\n<p><em><strong>&#8220;Es ist besser und sportlicher, 80 cm in gutem Stil als 120 cm in schlechten Stil zu springen. Es ist unsportlich, vom Pferd zu viel und vom Reiter zu wenig zu verlangen.&#8221;<\/strong><\/em><\/p>\n<p>&nbsp;<\/p>\n<p><strong>Tipp:<\/strong> &#8220;Cavaletti Dressur und Springen &#8211; Erfolgreich trainieren mit Olympiareiterin Ingrid Klimke&#8221;, von Ingrid und Reiner Klimke, erschienen im Kosmos Verlag.<\/p>\n","protected":false},"excerpt":{"rendered":"<p>Die meisten Pferde springen sehr gerne. Damit diese nat\u00fcrliche Spring-Freude noch gef\u00f6rdert wird und nicht durch schlechte Erfahrungen verloren geht, muss nicht nur der Reiter, sondern auch das Pferd einige Voraussetzungen erf\u00fcllen: Auf jeden Fall sollte das junge Pferd bereits mit den Hilfen des Reiters vertraut sein, Paraden und \u00dcberg\u00e4nge &hellip; <a class=\"kt-excerpt-readmore\" href=\"https:\/\/www.spring-reiter.de\/en\/index.php\/springausbildung-pferd\/\" aria-label=\"Springausbildung Pferd\">Read More<\/a><\/p>\n","protected":false},"author":1,"featured_media":0,"parent":0,"menu_order":0,"comment_status":"closed","ping_status":"closed","template":"","meta":{"footnotes":""},"class_list":["post-250","page","type-page","status-publish","hentry"],"translation":{"provider":"WPGlobus","version":"3.0.2","language":"en","enabled_languages":["de","en"],"languages":{"de":{"title":true,"content":true,"excerpt":false},"en":{"title":false,"content":false,"excerpt":false}}},"_links":{"self":[{"href":"https:\/\/www.spring-reiter.de\/en\/index.php\/wp-json\/wp\/v2\/pages\/250","targetHints":{"allow":["GET"]}}],"collection":[{"href":"https:\/\/www.spring-reiter.de\/en\/index.php\/wp-json\/wp\/v2\/pages"}],"about":[{"href":"https:\/\/www.spring-reiter.de\/en\/index.php\/wp-json\/wp\/v2\/types\/page"}],"author":[{"embeddable":true,"href":"https:\/\/www.spring-reiter.de\/en\/index.php\/wp-json\/wp\/v2\/users\/1"}],"replies":[{"embeddable":true,"href":"https:\/\/www.spring-reiter.de\/en\/index.php\/wp-json\/wp\/v2\/comments?post=250"}],"version-history":[{"count":0,"href":"https:\/\/www.spring-reiter.de\/en\/index.php\/wp-json\/wp\/v2\/pages\/250\/revisions"}],"wp:attachment":[{"href":"https:\/\/www.spring-reiter.de\/en\/index.php\/wp-json\/wp\/v2\/media?parent=250"}],"curies":[{"name":"wp","href":"https:\/\/api.w.org\/{rel}","templated":true}]}}