{"id":186,"date":"2016-08-24T12:14:22","date_gmt":"2016-08-24T10:14:22","guid":{"rendered":"http:\/\/www.spring-reiter.de\/?page_id=186"},"modified":"2017-04-05T13:00:25","modified_gmt":"2017-04-05T11:00:25","slug":"parcoursanforderungen","status":"publish","type":"page","link":"https:\/\/www.spring-reiter.de\/index.php\/parcoursanforderungen\/","title":{"rendered":"Parcoursanforderungen"},"content":{"rendered":"<p>Mindestzahl und Abmessungen der Hindernisse in den verschiedenen Klassen<\/p>\n<p><strong>Springreiter-Wettbewerb<\/strong> (Wettbewerb nach der WBO f\u00fcr angehende Nachwuchsspringreiter)<\/p>\n<p>Sprungh\u00f6he: max. 0,85 m<\/p>\n<p>Nach Weisung der Richter werden in Gruppen bis zu 4 Reitern in Anlehnung an die Anforderungen der Klasse E Hindernisfolgen und oder Parcoursausschnitte, verbunden mit einfachen, die Einwirkung \u00fcberpr\u00fcfenden Aufgaben, geritten.<\/p>\n<p><strong>Bewertung:<\/strong> Beurteilt werden der leichte Sitz (Balance, geschmeidiges Vorneigen des Oberk\u00f6rpers aus der H\u00fcfte heraus), die Einwirkung (Kontrolle \u00fcber das Pferd, Pony), die harmonische Bew\u00e4ltigung der gestellten Aufgaben (Einhalten von Gangart und Tempo, Anreiten der Hindernisse) und der Gesamteindruck w\u00e4hrend des Wettbewerbs.<\/p>\n<hr \/>\n<p><strong>E-Springen<\/strong><\/p>\n<p>Sprungh\u00f6he: 0,85 m<\/p>\n<p>Mindestanzahl der Hindernisse: in der Halle= 6, im Freien= 7<\/p>\n<p>Maximale Anzahl an Kombinationen: 1 zweifache Kombination<\/p>\n<hr \/>\n<p><strong>A*-Springen<\/strong><\/p>\n<p>Sprungh\u00f6he: 0,95 m<\/p>\n<p>Mindestanzahl der Hindernisse: in der Halle= 6, im Freien= 7<\/p>\n<p>Maximale Anzahl an Kombinationen: 2 zweifache Kombinationen<\/p>\n<p><strong>A**-Springen<\/strong><\/p>\n<p>Sprungh\u00f6he: 1,05 m<\/p>\n<p>Mindestanzahl der Hindernisse: in der Halle= 6, im Freien= 7<\/p>\n<p>Maximale Anzahl an Kombinationen: 2 zweifache Kombinationen<\/p>\n<p>Wassergrabenweite: 2,50 m<\/p>\n<hr \/>\n<p><strong>L-Springen<\/strong><\/p>\n<p>Sprungh\u00f6he: 1,15 m<\/p>\n<p>Mindestanzahl der Hindernisse: in der Halle= 7, im Freien= 8<\/p>\n<p>Maximale Anzahl an Kombinationen: 2 zweifache und 1 dreifache Kombination<\/p>\n<p>Wassergrabenweite: 3,00 m<\/p>\n<hr \/>\n<p><strong>M*-Springen<\/strong><\/p>\n<p>Sprungh\u00f6he: 1,25 m<\/p>\n<p>Mindestanzahl der Hindernisse: in der Halle= 8, im Freien= 9<\/p>\n<p>Maximale Anzahl an Kombinationen: 2 zweifache und 1 dreifache Kombination<\/p>\n<p>Wassergrabenweite: 3,50 m<\/p>\n<p><strong>M**-Springen<\/strong><\/p>\n<p>Sprungh\u00f6he: 1,35 m<\/p>\n<p>Mindestanzahl der Hindernisse: in der Halle= 9, im Freien= 10<\/p>\n<p>Maximale Anzahl an Kombinationen: frei<\/p>\n<p>Wassergrabenweite: 4 m<\/p>\n<hr \/>\n<p><strong>S*-Springen<\/strong><\/p>\n<p>Sprungh\u00f6he: 1,40 m<\/p>\n<p>Mindestanzahl der Hindernisse: in der Halle= 9, im Freien= 10<\/p>\n<p>Maximale Anzahl an Kombinationen: frei<\/p>\n<p>Wassergrabenweite: 4,10 m<\/p>\n<p><strong>S**-Springen<\/strong><\/p>\n<p>Sprungh\u00f6he: 1,45 m<\/p>\n<p>Mindestanzahl der Hindernisse: in der Halle= 9, im Freien= 10<\/p>\n<p>Maximale Anzahl an Kombinationen: frei<\/p>\n<p>Wassergrabenweite: 4,30 m<\/p>\n<p><strong>S***-Springen<\/strong><\/p>\n<p>Sprungh\u00f6he: 1,50 m<\/p>\n<p>Mindestanzahl der Hindernisse: in der Halle= 10, im Freien= 11<\/p>\n<p>Maximale Anzahl an Kombinationen: frei<\/p>\n<p>Wassergrabenweite: 4,50 m<\/p>\n<p><strong>S****-Springen<\/strong><\/p>\n<p>Sprungh\u00f6he: 1,55 m<\/p>\n<p>Mindestanzahl der Hindernisse: in der Halle= 10, im Freien= 11<\/p>\n<p>Maximale Anzahl an Kombinationen: frei<\/p>\n<p>Wassergrabenweite: 4,50 m<\/p>\n<hr \/>\n<p><strong>Parcours-Aufbau<\/strong><\/p>\n<p>Je Parcours m\u00fcssen <strong>25 Prozent<\/strong> der Spr\u00fcnge, wenigstens ein Steilsprung und ein Oxer, die erforderlichen Ma\u00dfe der entsprechenden Klasse aufweisen.<\/p>\n<p>Die Gesamtl\u00e4nge eines Parcours in Metern darf die Anzahl der Spr\u00fcnge multipliziert mit 60 auf keinen Fall \u00fcberschreiten.<\/p>\n<p>Abweichungen in der H\u00f6he\u00a0von bis zu +\/-5 cm und -10 cm\/+20 cm in der Weite sind erlaubt.<\/p>\n<p>Starten Ponys und Pferde in einer Pr\u00fcfung der Klassen E-L k\u00f6nnen die Kombinationen angepasst werden: -40 cm bei Kombinationen mit einem Galoppsprung und -60 cm bei Kombinationen mit zwei Galoppspr\u00fcngen.<\/p>\n<p>Ab S***-Springen mit Stechen bzw. Siegerrunde im Freien muss ein offener Wassergraben aufgebaut sein.<\/p>\n<p><strong>Tempo und Zeit im Parcours<\/strong><\/p>\n<p>So lange es in der Ausschreibung nicht anders geregelt ist, betr\u00e4gt das vorgeschriebene Tempo in der Halle 300 m\/Min. und im Freien<br \/>\n350 m\/Min.<\/p>\n","protected":false},"excerpt":{"rendered":"<p>Mindestzahl und Abmessungen der Hindernisse in den verschiedenen Klassen Springreiter-Wettbewerb (Wettbewerb nach der WBO f\u00fcr angehende Nachwuchsspringreiter) Sprungh\u00f6he: max. 0,85 m Nach Weisung der Richter werden in Gruppen bis zu 4 Reitern in Anlehnung an die Anforderungen der Klasse E Hindernisfolgen und oder Parcoursausschnitte, verbunden mit einfachen, die Einwirkung \u00fcberpr\u00fcfenden &hellip; <a class=\"kt-excerpt-readmore\" href=\"https:\/\/www.spring-reiter.de\/index.php\/parcoursanforderungen\/\" aria-label=\"Parcoursanforderungen\">Weiterlesen<\/a><\/p>\n","protected":false},"author":1,"featured_media":0,"parent":0,"menu_order":0,"comment_status":"closed","ping_status":"closed","template":"","meta":{"footnotes":""},"class_list":["post-186","page","type-page","status-publish","hentry"],"translation":{"provider":"WPGlobus","version":"3.0.2","language":"de","enabled_languages":["de","en"],"languages":{"de":{"title":true,"content":true,"excerpt":false},"en":{"title":false,"content":false,"excerpt":false}}},"_links":{"self":[{"href":"https:\/\/www.spring-reiter.de\/index.php\/wp-json\/wp\/v2\/pages\/186","targetHints":{"allow":["GET"]}}],"collection":[{"href":"https:\/\/www.spring-reiter.de\/index.php\/wp-json\/wp\/v2\/pages"}],"about":[{"href":"https:\/\/www.spring-reiter.de\/index.php\/wp-json\/wp\/v2\/types\/page"}],"author":[{"embeddable":true,"href":"https:\/\/www.spring-reiter.de\/index.php\/wp-json\/wp\/v2\/users\/1"}],"replies":[{"embeddable":true,"href":"https:\/\/www.spring-reiter.de\/index.php\/wp-json\/wp\/v2\/comments?post=186"}],"version-history":[{"count":0,"href":"https:\/\/www.spring-reiter.de\/index.php\/wp-json\/wp\/v2\/pages\/186\/revisions"}],"wp:attachment":[{"href":"https:\/\/www.spring-reiter.de\/index.php\/wp-json\/wp\/v2\/media?parent=186"}],"curies":[{"name":"wp","href":"https:\/\/api.w.org\/{rel}","templated":true}]}}