{"id":196,"date":"2016-08-24T12:18:21","date_gmt":"2016-08-24T10:18:21","guid":{"rendered":"http:\/\/www.spring-reiter.de\/?page_id=196"},"modified":"2017-04-05T13:03:33","modified_gmt":"2017-04-05T11:03:33","slug":"turniercheckliste","status":"publish","type":"page","link":"https:\/\/www.spring-reiter.de\/index.php\/turniercheckliste\/","title":{"rendered":"Turniercheckliste"},"content":{"rendered":"<p><strong>Sie k\u00f6nnen die Turniercheckliste auch <a href=\"https:\/\/www.spring-reiter.de\/wp-content\/uploads\/2016\/08\/turniercheckliste.pdf\">hier<\/a> runterladen und ausdrucken (PDF).<\/strong><\/p>\n<p>Am Turniertag ist die Aufregung meistens gro\u00df: Um die Hektik zu minimieren, hilft eine sorgf\u00e4ltige Vorbereitung.<\/p>\n<p>Ist das Sattelzeug geputzt? Sind Gurte, Steigb\u00fcgelriemen, Z\u00fcgel etc. in einwandfreiem Zustand? Ist der Pferdepass eingepackt, sind die Kopfnummern gesteckt und ist das Heu-Netz gef\u00fcllt? Habe ich in der Meldestelle schon Startbereitschaft erkl\u00e4rt (mindestens 1 Std. vor Pr\u00fcfungsbeginn oder entsprechend dem Zeitplan)?<\/p>\n<p>Unsere Turniercheckliste soll Ihnen helfen, den \u00dcberblick zu behalten, damit Sie entspannt zu einem erfolgreichen Ritt im Parcours starten k\u00f6nnen.<\/p>\n<p><strong>Pferd<\/strong><\/p>\n<p>Abschwitzdecke, Regendecke<br \/>\nFutter, (M\u00fcsli, Hafer, M\u00f6hren)<br \/>\nFutter- und Wassereimer<br \/>\nFliegenschutz \/ Fliegenspray<br \/>\nHalfter<br \/>\nHeu-Netz<br \/>\nKopfnummern<br \/>\nLonge<br \/>\nM\u00e4hnengummis<br \/>\nPferdepass<br \/>\nPutzzeug<br \/>\nSattel<br \/>\nSatteldecke, Schabracke<br \/>\nSattelgurt \/ Stollenschutz<br \/>\nSpringgamaschen, Streichkappen<br \/>\nStollen und Werkzeug<br \/>\nStrick<br \/>\nTransportgamaschen<br \/>\nTrense<br \/>\nVorderzeug, Martingal<\/p>\n<p><strong>Reiter<\/strong><\/p>\n<p>Adresse vom Turnierort, Telefonnummer der Meldestelle<br \/>\nBluse oder Hemd plus Krawatte bzw. Plastron<br \/>\nErste-Hilfe-Set<br \/>\nGeld<br \/>\nGerte<br \/>\nHandschuhe<br \/>\nHandtuch<br \/>\nHandy<br \/>\nHelm<br \/>\nJackett<br \/>\nReithose<br \/>\nRegenjacke<br \/>\nSchuhe zum Wechseln<br \/>\nSonnencreme<br \/>\nSporen<br \/>\nStiefel (evtl. Schuhputzzeug)<br \/>\nSicherheitsweste<br \/>\nVerpflegung, Getr\u00e4nke<br \/>\nZeiteinteilung \/ Ausschreibung<\/p>\n","protected":false},"excerpt":{"rendered":"<p>Sie k\u00f6nnen die Turniercheckliste auch hier runterladen und ausdrucken (PDF). Am Turniertag ist die Aufregung meistens gro\u00df: Um die Hektik zu minimieren, hilft eine sorgf\u00e4ltige Vorbereitung. Ist das Sattelzeug geputzt? Sind Gurte, Steigb\u00fcgelriemen, Z\u00fcgel etc. in einwandfreiem Zustand? Ist der Pferdepass eingepackt, sind die Kopfnummern gesteckt und ist das Heu-Netz &hellip; <a class=\"kt-excerpt-readmore\" href=\"https:\/\/www.spring-reiter.de\/index.php\/turniercheckliste\/\" aria-label=\"Turniercheckliste\">Weiterlesen<\/a><\/p>\n","protected":false},"author":1,"featured_media":0,"parent":0,"menu_order":0,"comment_status":"closed","ping_status":"closed","template":"","meta":{"footnotes":""},"class_list":["post-196","page","type-page","status-publish","hentry"],"translation":{"provider":"WPGlobus","version":"3.0.2","language":"de","enabled_languages":["de","en"],"languages":{"de":{"title":true,"content":true,"excerpt":false},"en":{"title":false,"content":false,"excerpt":false}}},"_links":{"self":[{"href":"https:\/\/www.spring-reiter.de\/index.php\/wp-json\/wp\/v2\/pages\/196","targetHints":{"allow":["GET"]}}],"collection":[{"href":"https:\/\/www.spring-reiter.de\/index.php\/wp-json\/wp\/v2\/pages"}],"about":[{"href":"https:\/\/www.spring-reiter.de\/index.php\/wp-json\/wp\/v2\/types\/page"}],"author":[{"embeddable":true,"href":"https:\/\/www.spring-reiter.de\/index.php\/wp-json\/wp\/v2\/users\/1"}],"replies":[{"embeddable":true,"href":"https:\/\/www.spring-reiter.de\/index.php\/wp-json\/wp\/v2\/comments?post=196"}],"version-history":[{"count":0,"href":"https:\/\/www.spring-reiter.de\/index.php\/wp-json\/wp\/v2\/pages\/196\/revisions"}],"wp:attachment":[{"href":"https:\/\/www.spring-reiter.de\/index.php\/wp-json\/wp\/v2\/media?parent=196"}],"curies":[{"name":"wp","href":"https:\/\/api.w.org\/{rel}","templated":true}]}}