{"id":253,"date":"2016-08-24T14:08:34","date_gmt":"2016-08-24T12:08:34","guid":{"rendered":"http:\/\/www.spring-reiter.de\/?page_id=253"},"modified":"2017-01-17T08:13:33","modified_gmt":"2017-01-17T07:13:33","slug":"springtraining","status":"publish","type":"page","link":"https:\/\/www.spring-reiter.de\/index.php\/springtraining\/","title":{"rendered":"Springtraining"},"content":{"rendered":"<h3>Springtraining bei Jan Peters Sporthorses<\/h3>\n<p style=\"text-align: justify;\">Aller Anfang ist schwer, auch beim Springreiten. Wie reite ich ein Hindernis an? Welches Tempo muss ich im Parcours w\u00e4hlen? Der Brandenburger Springreiter Jan Peters, dekoriert mit dem Goldenen Reitabzeichen und Tr\u00e4ger des Titels &#8222;Hippologica Master 2014&#8220;, erkl\u00e4rt die ersten Schritte, \u00dcbungen und Grundlagen im Parcours.<\/p>\n<p><iframe loading=\"lazy\" src=\"https:\/\/www.youtube.com\/embed\/UiuJ0lukE4E?rel=0\" width=\"500\" height=\"281\" frameborder=\"0\" allowfullscreen=\"allowfullscreen\"><\/iframe><\/p>\n<p><em><strong>&#8222;Es ist besser und sportlicher, 80 cm in gutem Stil als 120 cm in schlechten Stil zu springen. Es ist unsportlich, vom Pferd zu viel und vom Reiter zu wenig zu verlangen.&#8220;<\/strong><\/em><\/p>\n<p><strong>Freiherr v. Langen, aus seinem Buch &#8222;Reiten \u00fcber Hindernisse&#8220; aus dem Jahre 1931<\/strong><\/p>\n","protected":false},"excerpt":{"rendered":"<p>Springtraining bei Jan Peters Sporthorses Aller Anfang ist schwer, auch beim Springreiten. Wie reite ich ein Hindernis an? Welches Tempo muss ich im Parcours w\u00e4hlen? Der Brandenburger Springreiter Jan Peters, dekoriert mit dem Goldenen Reitabzeichen und Tr\u00e4ger des Titels &#8222;Hippologica Master 2014&#8220;, erkl\u00e4rt die ersten Schritte, \u00dcbungen und Grundlagen im &hellip; <a class=\"kt-excerpt-readmore\" href=\"https:\/\/www.spring-reiter.de\/index.php\/springtraining\/\" aria-label=\"Springtraining\">Weiterlesen<\/a><\/p>\n","protected":false},"author":1,"featured_media":0,"parent":0,"menu_order":0,"comment_status":"closed","ping_status":"closed","template":"","meta":{"footnotes":""},"class_list":["post-253","page","type-page","status-publish","hentry"],"translation":{"provider":"WPGlobus","version":"3.0.2","language":"de","enabled_languages":["de","en"],"languages":{"de":{"title":true,"content":true,"excerpt":false},"en":{"title":false,"content":false,"excerpt":false}}},"_links":{"self":[{"href":"https:\/\/www.spring-reiter.de\/index.php\/wp-json\/wp\/v2\/pages\/253","targetHints":{"allow":["GET"]}}],"collection":[{"href":"https:\/\/www.spring-reiter.de\/index.php\/wp-json\/wp\/v2\/pages"}],"about":[{"href":"https:\/\/www.spring-reiter.de\/index.php\/wp-json\/wp\/v2\/types\/page"}],"author":[{"embeddable":true,"href":"https:\/\/www.spring-reiter.de\/index.php\/wp-json\/wp\/v2\/users\/1"}],"replies":[{"embeddable":true,"href":"https:\/\/www.spring-reiter.de\/index.php\/wp-json\/wp\/v2\/comments?post=253"}],"version-history":[{"count":0,"href":"https:\/\/www.spring-reiter.de\/index.php\/wp-json\/wp\/v2\/pages\/253\/revisions"}],"wp:attachment":[{"href":"https:\/\/www.spring-reiter.de\/index.php\/wp-json\/wp\/v2\/media?parent=253"}],"curies":[{"name":"wp","href":"https:\/\/api.w.org\/{rel}","templated":true}]}}