{"id":260,"date":"2016-08-24T14:22:29","date_gmt":"2016-08-24T12:22:29","guid":{"rendered":"http:\/\/www.spring-reiter.de\/?page_id=260"},"modified":"2022-04-18T20:44:05","modified_gmt":"2022-04-18T18:44:05","slug":"videos","status":"publish","type":"page","link":"https:\/\/www.spring-reiter.de\/index.php\/videos\/","title":{"rendered":"Videos"},"content":{"rendered":"<div id=\"main\">\n<h3>&nbsp;<\/h3>\n<h5>Fragen-Parcours: Mylene und Julie Mynou Diederichsmeier &#8211; und Liam<\/h5>\n<p><iframe loading=\"lazy\" src=\"https:\/\/www.youtube-nocookie.com\/embed\/RohYdEw0g8c\" title=\"YouTube video player\" allow=\"accelerometer; autoplay; clipboard-write; encrypted-media; gyroscope; picture-in-picture\" allowfullscreen=\"\" width=\"560\" height=\"315\" frameborder=\"0\"><\/iframe><\/p>\n<h5>Fragen Parcours: Toni Ha\u00dfmann und Clarissa Crotta<\/h5>\n<p><iframe loading=\"lazy\" title=\"YouTube video player\" src=\"https:\/\/www.youtube-nocookie.com\/embed\/aCmqGJmCdtE\" allowfullscreen=\"allowfullscreen\" width=\"560\" height=\"315\" frameborder=\"0\"><\/iframe><\/p>\n<h5>Fragen-Parcours: Maurice und Friederike Tebbel<\/h5>\n<p><iframe loading=\"lazy\" title=\"YouTube video player\" src=\"https:\/\/www.youtube-nocookie.com\/embed\/MPdGrFWth7Y\" allowfullscreen=\"allowfullscreen\" width=\"560\" height=\"315\" frameborder=\"0\"><\/iframe><\/p>\n<h5>Fragen-Parcours: Philipp und Domenika Weishaupt<\/h5>\n<p><iframe loading=\"lazy\" title=\"YouTube video player\" src=\"https:\/\/www.youtube-nocookie.com\/embed\/MDof5TTe9A0\" allowfullscreen=\"allowfullscreen\" width=\"560\" height=\"315\" frameborder=\"0\"><\/iframe><\/p>\n<h5>Fragen-Parcours: Felix Ha\u00dfmann und Lena Waldmann<\/h5>\n<p><iframe loading=\"lazy\" title=\"YouTube video player\" src=\"https:\/\/www.youtube-nocookie.com\/embed\/sA-lwXG8gvk\" allowfullscreen=\"allowfullscreen\" width=\"560\" height=\"315\" frameborder=\"0\"><\/iframe><\/p>\n<h5>Fragen-Parcours: Harm Lahde und Finja Bormann<\/h5>\n<p><iframe loading=\"lazy\" title=\"YouTube video player\" src=\"https:\/\/www.youtube-nocookie.com\/embed\/EuvYtsqRGbs\" allowfullscreen=\"allowfullscreen\" width=\"560\" height=\"315\" frameborder=\"0\"><\/iframe><\/p>\n<h5>Holger Wulschner gewinnt das Championat von L\u00fcbzer in Redefin<\/h5>\n<p><iframe loading=\"lazy\" style=\"border: none; overflow: hidden;\" src=\"https:\/\/www.facebook.com\/plugins\/video.php?href=https%3A%2F%2Fwww.facebook.com%2Fclipmyhorse%2Fvideos%2F10156467502018395%2F&amp;show_text=0&amp;width=560\" scrolling=\"no\" allowfullscreen=\"allowfullscreen\" width=\"500\" height=\"281\" frameborder=\"0\"><\/iframe><\/p>\n<h5>Stallbesuch von spring-reiter.de bei Evi und Rolf-G\u00f6ran Bengtsson<\/h5>\n<p><iframe loading=\"lazy\" src=\"https:\/\/www.youtube.com\/embed\/yi9uBBQIrlA\" allowfullscreen=\"allowfullscreen\" width=\"500\" height=\"281\" frameborder=\"0\"><\/iframe><\/p>\n<h5>Das passende Gebiss und die richtige Verschnallung! Gezeigt von Sprenger und der Deutschen Reiterlichen Vereinigung e.V. (fn)<\/h5>\n<p><iframe loading=\"lazy\" src=\"https:\/\/www.youtube.com\/embed\/Ur0vD6HVV4w?rel=0\" allowfullscreen=\"allowfullscreen\" width=\"500\" height=\"281\" frameborder=\"0\"><\/iframe><\/p>\n<h5>Siegesritt von Edwina Tops Alexander im Weltcup Springen in La Coruna<\/h5>\n<p><iframe loading=\"lazy\" style=\"border: none; overflow: hidden;\" src=\"https:\/\/www.facebook.com\/plugins\/video.php?href=https%3A%2F%2Fwww.facebook.com%2Fthe.fei%2Fvideos%2F1570411513040403%2F&amp;show_text=0&amp;width=560\" scrolling=\"no\" allowfullscreen=\"allowfullscreen\" width=\"500\" height=\"281\" frameborder=\"0\"><span style=\"display: inline-block; width: 0px; overflow: hidden; line-height: 0;\" data-mce-type=\"bookmark\" class=\"mce_SELRES_start\">\ufeff<\/span><\/iframe><\/p>\n<h5>Daniel Deussers Siegesritt im Grand Prix beim Longines Masters Paris<\/h5>\n<p><iframe loading=\"lazy\" style=\"border: none; overflow: hidden;\" src=\"https:\/\/www.facebook.com\/plugins\/video.php?href=https%3A%2F%2Fwww.facebook.com%2Flonginesmasters%2Fvideos%2F1939262916089312%2F&amp;show_text=0&amp;width=560\" scrolling=\"no\" allowfullscreen=\"allowfullscreen\" width=\"500\" height=\"281\" frameborder=\"0\"><\/iframe><\/p>\n<h5>Siegesritt von Steve Guerdat im Longines FEI World Cup Stuttgart<\/h5>\n<p><iframe loading=\"lazy\" src=\"https:\/\/www.youtube.com\/embed\/zsyNeu8xpu8?rel=0\" allowfullscreen=\"allowfullscreen\" width=\"500\" height=\"281\" frameborder=\"0\"><\/iframe><\/p>\n<p>Siegesritt von Felix Ha\u00dfmann im Gro\u00dfen Preis der DKB in M\u00fcnchen<\/p>\n<p><iframe loading=\"lazy\" src=\"https:\/\/www.youtube.com\/embed\/VxxpysaCPyo\" allowfullscreen=\"allowfullscreen\" width=\"500\" height=\"281\" frameborder=\"0\"><\/iframe><\/p>\n<p>Siegesritt von Daniel Deusser \/ Weltcup-Sieg in Oslo<\/p>\n<p><iframe loading=\"lazy\" src=\"https:\/\/www.youtube.com\/embed\/J9wDzrn1mJY?rel=0\" allowfullscreen=\"allowfullscreen\" width=\"500\" height=\"281\" frameborder=\"0\"><\/iframe><\/p>\n<p>Das neue Dream-Team der deutschen Springreiter Simone Blum und Alice im Interview in Berlin<\/p>\n<p><iframe loading=\"lazy\" src=\"https:\/\/www.youtube.com\/embed\/p4O9FotFr8c?rel=0\" allowfullscreen=\"allowfullscreen\" width=\"500\" height=\"281\" frameborder=\"0\"><\/iframe><\/p>\n<p>Super Team: David Will und Andreas Kreuzer<\/p>\n<p><iframe loading=\"lazy\" src=\"https:\/\/www.youtube.com\/embed\/MwSYkf1boCI?rel=0?ecver=1\" allowfullscreen=\"allowfullscreen\" width=\"500\" height=\"281\" frameborder=\"0\"><\/iframe><\/p>\n<p>Parcoursabgehen mit Andre Thieme &#8211; Hamburger Derby<\/p>\n<p><iframe loading=\"lazy\" src=\"https:\/\/www.youtube.com\/embed\/bkBYS3SztQw?rel=0?ecver=1\" allowfullscreen=\"allowfullscreen\" width=\"500\" height=\"281\" frameborder=\"0\"><\/iframe><\/p>\n<p>Siegesritt von Andr\u00e9 Thieme und Conthendrix im FEI Nationenpreis-Cup in Lummen<\/p>\n<p><iframe loading=\"lazy\" style=\"border: none; overflow: hidden;\" src=\"https:\/\/www.facebook.com\/plugins\/video.php?href=https%3A%2F%2Fwww.facebook.com%2Fthe.fei%2Fvideos%2F1313262058721183%2F&amp;show_text=0&amp;width=560\" scrolling=\"no\" allowfullscreen=\"allowfullscreen\" width=\"500\" height=\"281\" frameborder=\"0\"><\/iframe><\/p>\n<\/div>\n","protected":false},"excerpt":{"rendered":"<p>&nbsp; Fragen-Parcours: Mylene und Julie Mynou Diederichsmeier &#8211; und Liam Fragen Parcours: Toni Ha\u00dfmann und Clarissa Crotta Fragen-Parcours: Maurice und Friederike Tebbel Fragen-Parcours: Philipp und Domenika Weishaupt Fragen-Parcours: Felix Ha\u00dfmann und Lena Waldmann Fragen-Parcours: Harm Lahde und Finja Bormann Holger Wulschner gewinnt das Championat von L\u00fcbzer in Redefin Stallbesuch von &hellip; <a class=\"kt-excerpt-readmore\" href=\"https:\/\/www.spring-reiter.de\/index.php\/videos\/\" aria-label=\"Videos\">Weiterlesen<\/a><\/p>\n","protected":false},"author":1,"featured_media":0,"parent":0,"menu_order":0,"comment_status":"closed","ping_status":"closed","template":"","meta":{"footnotes":""},"class_list":["post-260","page","type-page","status-publish","hentry"],"translation":{"provider":"WPGlobus","version":"3.0.2","language":"de","enabled_languages":["de","en"],"languages":{"de":{"title":true,"content":true,"excerpt":false},"en":{"title":false,"content":false,"excerpt":false}}},"_links":{"self":[{"href":"https:\/\/www.spring-reiter.de\/index.php\/wp-json\/wp\/v2\/pages\/260","targetHints":{"allow":["GET"]}}],"collection":[{"href":"https:\/\/www.spring-reiter.de\/index.php\/wp-json\/wp\/v2\/pages"}],"about":[{"href":"https:\/\/www.spring-reiter.de\/index.php\/wp-json\/wp\/v2\/types\/page"}],"author":[{"embeddable":true,"href":"https:\/\/www.spring-reiter.de\/index.php\/wp-json\/wp\/v2\/users\/1"}],"replies":[{"embeddable":true,"href":"https:\/\/www.spring-reiter.de\/index.php\/wp-json\/wp\/v2\/comments?post=260"}],"version-history":[{"count":0,"href":"https:\/\/www.spring-reiter.de\/index.php\/wp-json\/wp\/v2\/pages\/260\/revisions"}],"wp:attachment":[{"href":"https:\/\/www.spring-reiter.de\/index.php\/wp-json\/wp\/v2\/media?parent=260"}],"curies":[{"name":"wp","href":"https:\/\/api.w.org\/{rel}","templated":true}]}}