{"id":336,"date":"2016-08-25T13:08:03","date_gmt":"2016-08-25T11:08:03","guid":{"rendered":"http:\/\/www.spring-reiter.de\/?page_id=336"},"modified":"2016-08-25T14:16:07","modified_gmt":"2016-08-25T12:16:07","slug":"turnier-und-ausbildungsstaelle-hannover","status":"publish","type":"page","link":"https:\/\/www.spring-reiter.de\/index.php\/turnier-und-ausbildungsstaelle-hannover\/","title":{"rendered":"Turnier- und Ausbildungsst\u00e4lle Hannover"},"content":{"rendered":"<p><strong>Meredith Michaels-Beerbaum<\/strong><\/p>\n<p>3-fache Gesamtweltcupsiegerin (2005, 2008 u. 2009)<br \/>\nWeltmeisterin (Goldmedaille Mannschaft 2010 in Kentucky)<br \/>\nEuropameisterin (2007)<br \/>\nDeutsche Meisterin (2001, 2008 u. 2010)<br \/>\n<a href=\"http:\/\/michaels-beerbaum.de\/#%21\/pageNews\" target=\"_blank\">Website<\/a><\/p>\n<hr \/>\n<p><strong>Minou Diederichsmeyer<\/strong><\/p>\n<p>Turnier- und Ausbildungsstall<br \/>\nTr\u00e4gerin des Goldenen Reitabzeichens, Gewinnerin vieler Gro\u00dfer Preise.<br \/>\n<a href=\"http:\/\/www.mynou-diederichsmeier.com\/\" target=\"_blank\">Website<\/a><\/p>\n<hr \/>\n<p><strong>Pension- und Ausbildungsstall N. von Hirschheydt<\/strong><\/p>\n<p>Niels von Hirschheydt<br \/>\nGewinner zahlreicher Gro\u00dfen Preise<br \/>\n<a href=\"http:\/\/www.stall-hirschheydt.de\/\" target=\"_blank\">Website<\/a><\/p>\n<hr \/>\n<p><strong>Schwartze Hof<\/strong><\/p>\n<p>Turnier- und Ausbildungsstall Familie Baumgart<br \/>\n<a href=\"http:\/\/www.schwartze-hof.de\/doc\/startseite.html\" target=\"_blank\">Website<\/a><\/p>\n<hr \/>\n<p><strong>Springstall Sch\u00e4fer<\/strong><\/p>\n<p>Nina und Kai Sch\u00e4fer<br \/>\nKai Sch\u00e4fer, Inhaber des Goldenen Reitabzeichens, hat mehr als 500 Siege und Platzierungen in nationalen wie internationalen schweren Springen erritten.<br \/>\n<a href=\"http:\/\/www.springstall-schaefer.de\/\" target=\"_blank\">Website<\/a><\/p>\n<hr \/>\n<p><strong>Stall Ottens<\/strong><\/p>\n<p>Hans-J\u00f6rn Ottens ist seit mehr als 20 Jahren auf nationalen und internationalen Turnierpl\u00e4tzen zu Hause.<br \/>\nDer Pferdewirtschaftsmeister, einstiger Sch\u00fcler des Bundestrainers der Springreiter, Herbert Meyer, und von Fritz Ligges betreibt auf dem elterlichen Hof in Ueterlande seit 1986 einen Turnier- und Ausbildungsstall.<br \/>\n<a href=\"http:\/\/www.hjottens.de\/de\/index.htm\" target=\"_blank\">Website<\/a><\/p>\n<hr \/>\n<p><strong>Turnier- u. Ausbildungsstall D.\u00a0 Klaproth<\/strong><\/p>\n<p>Dirk Klaproth, Sieger in vielen Gro\u00dfen Preisen, Tr\u00e4ger des Goldenen Reitabzeichens<br \/>\nBezirkstrainer f\u00fcr Jun und JR Springen Braunschweig S\u00fcd, Botschafter f\u00fcr die L\u00f6wen Classics Sportf\u00f6rderung.<br \/>\n<a href=\"http:\/\/www.dirk-klaproth.de\/\" target=\"_blank\">Website<\/a><\/p>\n<hr \/>\n<p><strong>Turnierstall Hilmar Meyer<\/strong><\/p>\n<p>Mehrfacher Landesmeister, diverse Siege bis S***<br \/>\n<a href=\"http:\/\/www.hilmarmeyer.de\/index.php\" target=\"_blank\">Website<\/a><\/p>\n","protected":false},"excerpt":{"rendered":"<p>Meredith Michaels-Beerbaum 3-fache Gesamtweltcupsiegerin (2005, 2008 u. 2009) Weltmeisterin (Goldmedaille Mannschaft 2010 in Kentucky) Europameisterin (2007) Deutsche Meisterin (2001, 2008 u. 2010) Website Minou Diederichsmeyer Turnier- und Ausbildungsstall Tr\u00e4gerin des Goldenen Reitabzeichens, Gewinnerin vieler Gro\u00dfer Preise. Website Pension- und Ausbildungsstall N. von Hirschheydt Niels von Hirschheydt Gewinner zahlreicher Gro\u00dfen Preise &hellip; <a class=\"kt-excerpt-readmore\" href=\"https:\/\/www.spring-reiter.de\/index.php\/turnier-und-ausbildungsstaelle-hannover\/\" aria-label=\"Turnier- und Ausbildungsst\u00e4lle Hannover\">Weiterlesen<\/a><\/p>\n","protected":false},"author":1,"featured_media":0,"parent":0,"menu_order":0,"comment_status":"closed","ping_status":"closed","template":"","meta":{"footnotes":""},"class_list":["post-336","page","type-page","status-publish","hentry"],"translation":{"provider":"WPGlobus","version":"3.0.2","language":"de","enabled_languages":["de","en"],"languages":{"de":{"title":true,"content":true,"excerpt":false},"en":{"title":false,"content":false,"excerpt":false}}},"_links":{"self":[{"href":"https:\/\/www.spring-reiter.de\/index.php\/wp-json\/wp\/v2\/pages\/336","targetHints":{"allow":["GET"]}}],"collection":[{"href":"https:\/\/www.spring-reiter.de\/index.php\/wp-json\/wp\/v2\/pages"}],"about":[{"href":"https:\/\/www.spring-reiter.de\/index.php\/wp-json\/wp\/v2\/types\/page"}],"author":[{"embeddable":true,"href":"https:\/\/www.spring-reiter.de\/index.php\/wp-json\/wp\/v2\/users\/1"}],"replies":[{"embeddable":true,"href":"https:\/\/www.spring-reiter.de\/index.php\/wp-json\/wp\/v2\/comments?post=336"}],"version-history":[{"count":0,"href":"https:\/\/www.spring-reiter.de\/index.php\/wp-json\/wp\/v2\/pages\/336\/revisions"}],"wp:attachment":[{"href":"https:\/\/www.spring-reiter.de\/index.php\/wp-json\/wp\/v2\/media?parent=336"}],"curies":[{"name":"wp","href":"https:\/\/api.w.org\/{rel}","templated":true}]}}