{"id":356,"date":"2016-08-25T13:13:16","date_gmt":"2016-08-25T11:13:16","guid":{"rendered":"http:\/\/www.spring-reiter.de\/?page_id=356"},"modified":"2016-08-25T14:40:22","modified_gmt":"2016-08-25T12:40:22","slug":"turnier-und-ausbildungsstaelle-thueringen","status":"publish","type":"page","link":"https:\/\/www.spring-reiter.de\/index.php\/turnier-und-ausbildungsstaelle-thueringen\/","title":{"rendered":"Turnier- und Ausbildungsst\u00e4lle Th\u00fcringen"},"content":{"rendered":"<p><strong>Reitanlage Heckel &#8211; Leistungsst\u00fctzpunkt Springen<\/strong><\/p>\n<p>Henry und Hardy Heckel<br \/>\n<a href=\"http:\/\/www.reitstall-heckel.de\/\" target=\"_blank\">Website<\/a><\/p>\n<hr \/>\n<p><strong>Reiterhof K\u00f6ber<\/strong><\/p>\n<p>Familie K\u00f6ber \u2013 Ausbildung von Reitern und Pferden<br \/>\n<a href=\"http:\/\/www.reiterhof-koeber.de\/\" target=\"_blank\">Website<\/a><\/p>\n<hr \/>\n<p><strong>Pferdehof Jungermann-Schultz<\/strong><\/p>\n<p>Ute Jungermann-Schultz \u2013 Ausbildung Reiter und Pferd<br \/>\n<a href=\"http:\/\/www.pferdehof-wollersleben.de\/\" target=\"_blank\">Website<\/a><\/p>\n<hr \/>\n<p><strong>Sportpferde Wollenhaupt\u00a0<\/strong><\/p>\n<p>Patrizia Wollenhaupt<br \/>\nBeritt, Unterricht f\u00fcr Pferd und Reiter, Zucht<br \/>\n<a href=\"http:\/\/www.sportpferde-wollenhaupt.de\/\" target=\"_blank\">Website<\/a><\/p>\n","protected":false},"excerpt":{"rendered":"<p>Reitanlage Heckel &#8211; Leistungsst\u00fctzpunkt Springen Henry und Hardy Heckel Website Reiterhof K\u00f6ber Familie K\u00f6ber \u2013 Ausbildung von Reitern und Pferden Website Pferdehof Jungermann-Schultz Ute Jungermann-Schultz \u2013 Ausbildung Reiter und Pferd Website Sportpferde Wollenhaupt\u00a0 Patrizia Wollenhaupt Beritt, Unterricht f\u00fcr Pferd und Reiter, Zucht Website<\/p>\n","protected":false},"author":1,"featured_media":0,"parent":0,"menu_order":0,"comment_status":"closed","ping_status":"closed","template":"","meta":{"footnotes":""},"class_list":["post-356","page","type-page","status-publish","hentry"],"translation":{"provider":"WPGlobus","version":"3.0.2","language":"de","enabled_languages":["de","en"],"languages":{"de":{"title":true,"content":true,"excerpt":false},"en":{"title":false,"content":false,"excerpt":false}}},"_links":{"self":[{"href":"https:\/\/www.spring-reiter.de\/index.php\/wp-json\/wp\/v2\/pages\/356","targetHints":{"allow":["GET"]}}],"collection":[{"href":"https:\/\/www.spring-reiter.de\/index.php\/wp-json\/wp\/v2\/pages"}],"about":[{"href":"https:\/\/www.spring-reiter.de\/index.php\/wp-json\/wp\/v2\/types\/page"}],"author":[{"embeddable":true,"href":"https:\/\/www.spring-reiter.de\/index.php\/wp-json\/wp\/v2\/users\/1"}],"replies":[{"embeddable":true,"href":"https:\/\/www.spring-reiter.de\/index.php\/wp-json\/wp\/v2\/comments?post=356"}],"version-history":[{"count":0,"href":"https:\/\/www.spring-reiter.de\/index.php\/wp-json\/wp\/v2\/pages\/356\/revisions"}],"wp:attachment":[{"href":"https:\/\/www.spring-reiter.de\/index.php\/wp-json\/wp\/v2\/media?parent=356"}],"curies":[{"name":"wp","href":"https:\/\/api.w.org\/{rel}","templated":true}]}}