{"id":358,"date":"2016-08-25T13:13:53","date_gmt":"2016-08-25T11:13:53","guid":{"rendered":"http:\/\/www.spring-reiter.de\/?page_id=358"},"modified":"2016-08-25T14:45:23","modified_gmt":"2016-08-25T12:45:23","slug":"turnier-und-ausbildungsstaelle-weser-ems","status":"publish","type":"page","link":"https:\/\/www.spring-reiter.de\/index.php\/turnier-und-ausbildungsstaelle-weser-ems\/","title":{"rendered":"Turnier- und Ausbildungsst\u00e4lle Weser-Ems"},"content":{"rendered":"<p><strong>B\u00f6ckmann Pferde<\/strong><\/p>\n<p>Familie B\u00f6ckmann<br \/>\nGilbert B\u00f6ckmann geh\u00f6rt im euro\u00adp\u00e4ischen Springsport zu den ersten Adressen.<br \/>\nZahlreiche nationale und internationale Turniererfolge zeigen seit Jahrzehnten, dass gut angepaarte und solide ausgebildete Pferde aus Lastrup kontinuierliche Erfolge verzeichnen.<br \/>\n<a href=\"http:\/\/www.boeckmann-pferde.com\/de\/index.html\" target=\"_blank\">Website<\/a><\/p>\n<hr \/>\n<p><strong>E&amp;K Sportpferde &amp; Service GmbH<\/strong><\/p>\n<p>Torben K\u00f6hlbrandt \u2013 der Nationenpreisreiter bietet Coaching f\u00fcr Pferd und Reiter sowie den Verkauf und die Vermarktung von Sportpferden<br \/>\n<a href=\"http:\/\/www.torben-koehlbrandt.de\/\" target=\"_blank\">Website<\/a><\/p>\n<hr \/>\n<p><strong>Joachim Heyer Pferdeausbildungsbetrieb GmbH<\/strong><\/p>\n<p>Joachim Heyer, Tr\u00e4ger des Goldenen Reitabzeichens, internationale Erfolge.<br \/>\n<a href=\"http:\/\/joachim-heyer.de\/\" target=\"_blank\">Website<\/a><\/p>\n<hr \/>\n<p><strong>Gerd Sosath \u2013 Zucht und Sport an einem Ort<\/strong><\/p>\n<p>Die Geschichte des Hofes und der Familie Sosath reicht bis ins 17. Jahrhundert zur\u00fcck.<br \/>\n<a href=\"http:\/\/www.sosath.com\/\" target=\"_blank\">Website<\/a><\/p>\n<hr \/>\n<p><strong>Stall Erdmann<\/strong><\/p>\n<p>Sporthengst-Verkaufspferde<br \/>\nBereiter ist Patrick St\u00fchlmeyer, Mitglied im Deutschen B-Kader, Sieger u.a. in den Nationenpreisen von Kopenhagen und Falsterbo.<br \/>\n<a href=\"http:\/\/www.stall-erdmann.de\/\" target=\"_blank\">Website<\/a><\/p>\n<hr \/>\n<p><strong>Stevens Sportpferde<\/strong><\/p>\n<p>Mario Stevens<br \/>\nDer ehemalige Sch\u00fcler von Ludger Beerbaum ist 2014 Mitglied des deutschen B2-Kaders der deutschen Springreiter.<br \/>\n<a href=\"http:\/\/www.stevens-sportpferde.de\/\" target=\"_blank\">Website<\/a><\/p>\n<hr \/>\n<p><strong>Sportpferde Peter Wernke<\/strong><\/p>\n<p>Peter und Jan Wernke, Turnier- und Verkaufspferde, Unterricht und Know-How aus dem internationalen Reitsport.<br \/>\n<a href=\"http:\/\/www.sportpferde-peter-wernke.de\/\" target=\"_blank\">Website<\/a><\/p>\n<hr \/>\n<p><strong>Sportpferde Otto Vaske<\/strong><\/p>\n<p>Otto, Henry und Vanessa Vaske<br \/>\n<a href=\"http:\/\/www.otto-vaske.com\/\" target=\"_blank\">Website<\/a><\/p>\n<hr \/>\n<p><strong>Stall Moormann<\/strong><\/p>\n<p>Familie Moormann<br \/>\nVerkauf, Beritt, Turniervorstellung, Training<br \/>\n<a href=\"http:\/\/stallmoormann.com\/\" target=\"_blank\">Website<\/a><\/p>\n<hr \/>\n<p><strong>Ren\u00e9 Tebbel &#8211; Z\u00fcchter \u2013 Aufz\u00fcchter \u2013 Ausbilder<\/strong><\/p>\n<p>Ren\u00e9 Tebbel war 1990 Mannschaftsvizeweltmeister und wurde dreimal hintereinander Deutscher Meister. 2013 \u00fcbernahm er das Training der ukrainischen Springreitermannschaft. Zudem trainiert er seine hoch erfolgreichen Kinder, Maurice und Justine. Ren\u00e9 Tebbel startet ab 2015 f\u00fcr die Ukraine.<br \/>\n<a href=\"http:\/\/www.rene-tebbel.de\/\" target=\"_blank\">Website<\/a><\/p>\n<hr \/>\n<p><strong>Turnierstall S\u00f6ren Petersen<\/strong><\/p>\n<p>S\u00f6ren Petersen<br \/>\nProfessionelle Ausbildung f\u00fcr Pferde und Reiter.<br \/>\n<a href=\"http:\/\/www.soeren-pedersen.de\/index2.html\" target=\"_blank\">Website<\/a><\/p>\n<hr \/>\n<p><strong>Zuchthof Klatte<\/strong><\/p>\n<p>Henrik Klatte<br \/>\nAufzucht, Ausbildung<br \/>\n<a href=\"http:\/\/www.klatte.de\/index.html\" target=\"_blank\">Website<\/a><\/p>\n","protected":false},"excerpt":{"rendered":"<p>B\u00f6ckmann Pferde Familie B\u00f6ckmann Gilbert B\u00f6ckmann geh\u00f6rt im euro\u00adp\u00e4ischen Springsport zu den ersten Adressen. Zahlreiche nationale und internationale Turniererfolge zeigen seit Jahrzehnten, dass gut angepaarte und solide ausgebildete Pferde aus Lastrup kontinuierliche Erfolge verzeichnen. Website E&amp;K Sportpferde &amp; Service GmbH Torben K\u00f6hlbrandt \u2013 der Nationenpreisreiter bietet Coaching f\u00fcr Pferd und &hellip; <a class=\"kt-excerpt-readmore\" href=\"https:\/\/www.spring-reiter.de\/index.php\/turnier-und-ausbildungsstaelle-weser-ems\/\" aria-label=\"Turnier- und Ausbildungsst\u00e4lle Weser-Ems\">Weiterlesen<\/a><\/p>\n","protected":false},"author":1,"featured_media":0,"parent":0,"menu_order":0,"comment_status":"closed","ping_status":"closed","template":"","meta":{"footnotes":""},"class_list":["post-358","page","type-page","status-publish","hentry"],"translation":{"provider":"WPGlobus","version":"3.0.2","language":"de","enabled_languages":["de","en"],"languages":{"de":{"title":true,"content":true,"excerpt":false},"en":{"title":false,"content":false,"excerpt":false}}},"_links":{"self":[{"href":"https:\/\/www.spring-reiter.de\/index.php\/wp-json\/wp\/v2\/pages\/358","targetHints":{"allow":["GET"]}}],"collection":[{"href":"https:\/\/www.spring-reiter.de\/index.php\/wp-json\/wp\/v2\/pages"}],"about":[{"href":"https:\/\/www.spring-reiter.de\/index.php\/wp-json\/wp\/v2\/types\/page"}],"author":[{"embeddable":true,"href":"https:\/\/www.spring-reiter.de\/index.php\/wp-json\/wp\/v2\/users\/1"}],"replies":[{"embeddable":true,"href":"https:\/\/www.spring-reiter.de\/index.php\/wp-json\/wp\/v2\/comments?post=358"}],"version-history":[{"count":0,"href":"https:\/\/www.spring-reiter.de\/index.php\/wp-json\/wp\/v2\/pages\/358\/revisions"}],"wp:attachment":[{"href":"https:\/\/www.spring-reiter.de\/index.php\/wp-json\/wp\/v2\/media?parent=358"}],"curies":[{"name":"wp","href":"https:\/\/api.w.org\/{rel}","templated":true}]}}